{"id":96,"date":"2015-11-27T09:53:01","date_gmt":"2015-11-27T09:53:01","guid":{"rendered":"http:\/\/demos.artbees.net\/jupiter5\/transportation\/?page_id=96"},"modified":"2020-09-22T02:10:26","modified_gmt":"2020-09-22T02:10:26","slug":"services","status":"publish","type":"page","link":"https:\/\/www.grupoconcresa.com\/V2\/services\/","title":{"rendered":"Productos"},"content":{"rendered":"[vc_row animation=\u00bbbottom-to-top\u00bb css=\u00bb.vc_custom_1532619323602{padding-top: 140px !important;padding-bottom: 10px !important;padding-left: 5px !important;background-image: url(http:\/\/www.grupoconcresa.com\/V2\/wp-content\/uploads\/2018\/06\/cement-406822_1920.jpg?id=433) !important;background-position: center !important;background-repeat: no-repeat !important;background-size: cover !important;}\u00bb][vc_column][mk_title_box color=\u00bb#006998&#8243; highlight_color=\u00bb#ffffff\u00bb highlight_opacity=\u00bb1&#8243; size=\u00bb60&#8243; font_weight=\u00bb300&#8243; letter_spacing=\u00bb2&#8243; font_family=\u00bbnone\u00bb animation=\u00bbbottom-to-top\u00bb]NUESTROS CONCRETOS[\/mk_title_box][\/vc_column][\/vc_row][vc_row][vc_column][mk_padding_divider size=\u00bb55&#8243;][vc_column_text css=\u00bb.vc_custom_1564849400638{margin-bottom: 0px !important;}\u00bb]Nuestros concretos aportan al desarrollo de nuestra regi\u00f3n, estamos presentes en las obras m\u00e1s representativas, brindando confianza en el sector de la construcci\u00f3n de Santander y el Magdalena medio.[\/vc_column_text][mk_divider style=\u00bbthin_solid\u00bb divider_width=\u00bbcustom_width\u00bb custom_width=\u00bb34&#8243; align=\u00bbleft\u00bb thin_single_color=\u00bb#fda600&#8243; thickness=\u00bb4&#8243; margin_top=\u00bb0&#8243;][mk_padding_divider size=\u00bb30&#8243;][\/vc_column][\/vc_row][vc_row][vc_column width=\u00bb1\/3&#8243;][mk_image src=\u00bbhttp:\/\/www.grupoconcresa.com\/V2\/wp-content\/uploads\/2019\/08\/baja-permeabilidad.jpg\u00bb image_size=\u00bbfull\u00bb link=\u00bb#\u00bb align=\u00bbcenter\u00bb animation=\u00bbbottom-to-top\u00bb crop=\u00bbfalse\u00bb][mk_fancy_title color=\u00bb#433d60&#8243; size=\u00bb21&#8243; font_weight=\u00bbbold\u00bb txt_transform=\u00bbuppercase\u00bb margin_top=\u00bb13&#8243; margin_bottom=\u00bb0&#8243; font_family=\u00bbnone\u00bb animation=\u00bbbottom-to-top\u00bb]CONCRETO DE BAJA PERMEABILIDAD[\/mk_fancy_title][vc_column_text animation=\u00bbbottom-to-top\u00bb css=\u00bb.vc_custom_1564850280314{margin-bottom: 0px !important;}\u00bb]<span style=\"font-size: 13px; color: #939393;\">Concreto dosificado y mezclado en planta que impide en un porcentaje el paso de agua por capilaridad lo cual ayuda a mitigar ataques de agentes agresivos para el concreto.<\/span>[\/vc_column_text][mk_button dimension=\u00bbflat\u00bb url=\u00bbhttp:\/\/www.grupoconcresa.com\/V2\/wp-content\/uploads\/2019\/08\/ft-baja-permeabilidad.pdf\u00bb target=\u00bb_blank\u00bb margin_bottom=\u00bb0&#8243; animation=\u00bbbottom-to-top\u00bb btn_hover_bg=\u00bb#433d60&#8243; btn_hover_txt_color=\u00bb#ffffff\u00bb]FICHA T\u00c9CNICA [\/mk_button][mk_padding_divider size=\u00bb60&#8243; visibility=\u00bbvisible-sm\u00bb][\/vc_column][vc_column width=\u00bb1\/3&#8243;][mk_image src=\u00bbhttp:\/\/www.grupoconcresa.com\/V2\/wp-content\/uploads\/2019\/08\/concreto-autocompactante-concresa.jpg\u00bb image_size=\u00bbfull\u00bb link=\u00bb#\u00bb align=\u00bbcenter\u00bb animation=\u00bbbottom-to-top\u00bb crop=\u00bbfalse\u00bb][mk_fancy_title color=\u00bb#433d60&#8243; size=\u00bb21&#8243; font_weight=\u00bbbold\u00bb txt_transform=\u00bbuppercase\u00bb margin_top=\u00bb13&#8243; margin_bottom=\u00bb0&#8243; font_family=\u00bbnone\u00bb animation=\u00bbbottom-to-top\u00bb]CONCRETO\u00a0 AUTOCOMPACTANTE[\/mk_fancy_title][vc_column_text animation=\u00bbbottom-to-top\u00bb css=\u00bb.vc_custom_1564850516159{margin-bottom: 0px !important;}\u00bb]<span style=\"font-size: 13px; color: #939393;\">Concreto dosificado y mezclado en planta de alta fluidez, durabilidad y cohesividad, no requiere de consolidaci\u00f3n mec\u00e1nica.<\/span>[\/vc_column_text][mk_button dimension=\u00bbflat\u00bb url=\u00bbhttp:\/\/www.grupoconcresa.com\/V2\/wp-content\/uploads\/2019\/08\/ft-concretos-autocompactantes.pdf\u00bb target=\u00bb_blank\u00bb margin_bottom=\u00bb0&#8243; animation=\u00bbbottom-to-top\u00bb btn_hover_bg=\u00bb#433d60&#8243; btn_hover_txt_color=\u00bb#ffffff\u00bb]FICHA T\u00c9CNICA [\/mk_button][mk_padding_divider size=\u00bb60&#8243; visibility=\u00bbvisible-sm\u00bb][\/vc_column][vc_column width=\u00bb1\/3&#8243;][mk_image src=\u00bbhttp:\/\/www.grupoconcresa.com\/V2\/wp-content\/uploads\/2019\/08\/concreto-industrializado.jpg\u00bb image_size=\u00bbfull\u00bb link=\u00bb#\u00bb align=\u00bbcenter\u00bb animation=\u00bbbottom-to-top\u00bb crop=\u00bbfalse\u00bb][mk_fancy_title color=\u00bb#433d60&#8243; size=\u00bb21&#8243; font_weight=\u00bbbold\u00bb txt_transform=\u00bbuppercase\u00bb margin_top=\u00bb13&#8243; margin_bottom=\u00bb0&#8243; font_family=\u00bbnone\u00bb animation=\u00bbbottom-to-top\u00bb]CONCRETO INDUSTRIALIZADO[\/mk_fancy_title][vc_column_text animation=\u00bbbottom-to-top\u00bb css=\u00bb.vc_custom_1564850651522{margin-bottom: 0px !important;}\u00bb]<span style=\"font-size: 13px; color: #939393;\">Concreto dosificado y mezclado en planta de alta durabilidad, y mayor fluidez que el convencional.<\/span>[\/vc_column_text][mk_padding_divider size=\u00bb90&#8243; visibility=\u00bbvisible-sm\u00bb][mk_button dimension=\u00bbflat\u00bb url=\u00bbhttp:\/\/www.grupoconcresa.com\/V2\/wp-content\/uploads\/2019\/08\/ft-industrializados-1.pdf\u00bb target=\u00bb_blank\u00bb margin_bottom=\u00bb0&#8243; animation=\u00bbbottom-to-top\u00bb btn_hover_bg=\u00bb#433d60&#8243; btn_hover_txt_color=\u00bb#ffffff\u00bb]FICHA T\u00c9CNICA [\/mk_button][\/vc_column][\/vc_row][vc_row][vc_column][mk_padding_divider size=\u00bb60&#8243;][\/vc_column][\/vc_row][vc_row][vc_column width=\u00bb1\/3&#8243;][mk_image src=\u00bbhttp:\/\/www.grupoconcresa.com\/V2\/wp-content\/uploads\/2019\/08\/concreto-normal.jpg\u00bb image_size=\u00bbfull\u00bb link=\u00bb#\u00bb align=\u00bbcenter\u00bb animation=\u00bbbottom-to-top\u00bb crop=\u00bbfalse\u00bb][mk_fancy_title color=\u00bb#433d60&#8243; size=\u00bb21&#8243; font_weight=\u00bbbold\u00bb txt_transform=\u00bbuppercase\u00bb margin_top=\u00bb13&#8243; margin_bottom=\u00bb0&#8243; font_family=\u00bbnone\u00bb animation=\u00bbbottom-to-top\u00bb]CONCRETO NORMAL[\/mk_fancy_title][vc_column_text animation=\u00bbbottom-to-top\u00bb css=\u00bb.vc_custom_1564850846403{margin-bottom: 0px !important;}\u00bb]<span style=\"font-size: 13px; color: #939393;\">Concreto dosificado y mezclado en planta, dise\u00f1ado para cumplir la resistencia a compresi\u00f3n a los 28 d\u00edas de edad.<\/span>[\/vc_column_text][mk_button dimension=\u00bbflat\u00bb url=\u00bbhttp:\/\/www.grupoconcresa.com\/V2\/wp-content\/uploads\/2019\/08\/ft-normal-concresa.pdf\u00bb target=\u00bb_blank\u00bb margin_bottom=\u00bb0&#8243; animation=\u00bbbottom-to-top\u00bb btn_hover_bg=\u00bb#433d60&#8243; btn_hover_txt_color=\u00bb#ffffff\u00bb]FICHA T\u00c9CNICA [\/mk_button][mk_padding_divider size=\u00bb60&#8243; visibility=\u00bbvisible-sm\u00bb][\/vc_column][vc_column width=\u00bb1\/3&#8243;][mk_image src=\u00bbhttp:\/\/www.grupoconcresa.com\/V2\/wp-content\/uploads\/2019\/08\/pav-rigido-concresa.jpg\u00bb image_size=\u00bbfull\u00bb link=\u00bb#\u00bb align=\u00bbcenter\u00bb animation=\u00bbbottom-to-top\u00bb crop=\u00bbfalse\u00bb][mk_fancy_title color=\u00bb#433d60&#8243; size=\u00bb21&#8243; font_weight=\u00bbbold\u00bb txt_transform=\u00bbuppercase\u00bb margin_top=\u00bb13&#8243; margin_bottom=\u00bb0&#8243; font_family=\u00bbnone\u00bb animation=\u00bbbottom-to-top\u00bb]CONCRETO PAVIMENTO RIGIDO[\/mk_fancy_title][vc_column_text animation=\u00bbbottom-to-top\u00bb css=\u00bb.vc_custom_1564850965993{margin-bottom: 0px !important;}\u00bb]<span style=\"font-size: 13px; color: #939393;\">Concreto dosificado y mezclado en planta, dise\u00f1ado para soportar esfuerzos a la flexi\u00f3n y cumplir resistencia a la flexi\u00f3n a los 28 d\u00edas de edad.<\/span>[\/vc_column_text][mk_button dimension=\u00bbflat\u00bb url=\u00bbhttp:\/\/www.grupoconcresa.com\/V2\/wp-content\/uploads\/2019\/08\/ft-pavimento-rigido.pdf\u00bb target=\u00bb_blank\u00bb margin_bottom=\u00bb0&#8243; animation=\u00bbbottom-to-top\u00bb btn_hover_bg=\u00bb#433d60&#8243; btn_hover_txt_color=\u00bb#ffffff\u00bb]FICHA T\u00c9CNICA [\/mk_button][mk_padding_divider size=\u00bb60&#8243; visibility=\u00bbvisible-sm\u00bb][\/vc_column][vc_column width=\u00bb1\/3&#8243;][mk_image src=\u00bbhttp:\/\/www.grupoconcresa.com\/V2\/wp-content\/uploads\/2019\/08\/concreto-res-acelerada.jpg\u00bb image_size=\u00bbfull\u00bb link=\u00bb#\u00bb align=\u00bbcenter\u00bb animation=\u00bbbottom-to-top\u00bb crop=\u00bbfalse\u00bb][mk_fancy_title color=\u00bb#433d60&#8243; size=\u00bb21&#8243; font_weight=\u00bbbold\u00bb txt_transform=\u00bbuppercase\u00bb margin_top=\u00bb13&#8243; margin_bottom=\u00bb0&#8243; font_family=\u00bbnone\u00bb animation=\u00bbbottom-to-top\u00bb]CONCRETO DE RESISTENCIA ACELERADA[\/mk_fancy_title][vc_column_text animation=\u00bbbottom-to-top\u00bb css=\u00bb.vc_custom_1564851349534{margin-bottom: 0px !important;}\u00bb]<span style=\"font-size: 13px; color: #939393;\">Concreto que desarrolla resistencias especificas a temprana edad.<\/span>[\/vc_column_text][mk_button dimension=\u00bbflat\u00bb url=\u00bbhttp:\/\/www.grupoconcresa.com\/V2\/wp-content\/uploads\/2019\/08\/ft-resistencia-acelerada.pdf\u00bb target=\u00bb_blank\u00bb margin_bottom=\u00bb0&#8243; animation=\u00bbbottom-to-top\u00bb btn_hover_bg=\u00bb#433d60&#8243; btn_hover_txt_color=\u00bb#ffffff\u00bb]FICHA T\u00c9CNICA [\/mk_button][mk_padding_divider size=\u00bb60&#8243; visibility=\u00bbvisible-sm\u00bb][\/vc_column][\/vc_row][vc_row][vc_column][mk_padding_divider size=\u00bb60&#8243;][\/vc_column][\/vc_row][vc_row][vc_column width=\u00bb1\/3&#8243;][mk_image src=\u00bbhttp:\/\/www.grupoconcresa.com\/V2\/wp-content\/uploads\/2019\/08\/tipo-tremie.jpg\u00bb image_size=\u00bbfull\u00bb link=\u00bb#\u00bb align=\u00bbcenter\u00bb animation=\u00bbbottom-to-top\u00bb crop=\u00bbfalse\u00bb][mk_fancy_title color=\u00bb#433d60&#8243; size=\u00bb21&#8243; font_weight=\u00bbbold\u00bb txt_transform=\u00bbuppercase\u00bb margin_top=\u00bb13&#8243; margin_bottom=\u00bb0&#8243; font_family=\u00bbnone\u00bb animation=\u00bbbottom-to-top\u00bb]CONCRETO TIPO TREMIE[\/mk_fancy_title][vc_column_text animation=\u00bbbottom-to-top\u00bb css=\u00bb.vc_custom_1564851528245{margin-bottom: 0px !important;}\u00bb]<span style=\"font-size: 13px; color: #939393;\">Concreto dosificado y mezclado en planta, de alta fluidez y cohesividad, presenta resistencia a la segregaci\u00f3n para ser aplicado con sistema de colocaci\u00f3n tremie.<\/span>[\/vc_column_text][mk_button dimension=\u00bbflat\u00bb url=\u00bbhttp:\/\/www.grupoconcresa.com\/V2\/wp-content\/uploads\/2019\/08\/ft-tremie.pdf\u00bb target=\u00bb_blank\u00bb margin_bottom=\u00bb0&#8243; animation=\u00bbbottom-to-top\u00bb btn_hover_bg=\u00bb#433d60&#8243; btn_hover_txt_color=\u00bb#ffffff\u00bb]FICHA T\u00c9CNICA [\/mk_button][mk_padding_divider size=\u00bb60&#8243; visibility=\u00bbvisible-sm\u00bb][\/vc_column][vc_column width=\u00bb1\/3&#8243;][\/vc_column][vc_column width=\u00bb1\/3&#8243;][\/vc_column][\/vc_row][vc_row][vc_column][mk_padding_divider size=\u00bb60&#8243;][\/vc_column][\/vc_row][vc_row css=\u00bb.vc_custom_1452159096605{background-image: url(http:\/\/www.grupoconcresa.com\/V2\/wp-content\/uploads\/2015\/11\/why-we-offer-bg-4.jpg?id=256) !important;background-position: center !important;background-repeat: no-repeat !important;background-size: cover !important;}\u00bb][vc_column][mk_padding_divider size=\u00bb73&#8243;][mk_fancy_title color_style=\u00bbgradient_color\u00bb grandient_color_from=\u00bb#006998&#8243; grandient_color_to=\u00bb#006998&#8243; grandient_color_fallback=\u00bb#006998&#8243; size=\u00bb31&#8243; font_weight=\u00bb300&#8243; txt_transform=\u00bbuppercase\u00bb letter_spacing=\u00bb2&#8243; margin_bottom=\u00bb0&#8243; font_family=\u00bbnone\u00bb align=\u00bbcenter\u00bb]BENEFICIOS[\/mk_fancy_title][mk_divider style=\u00bbthin_solid\u00bb divider_width=\u00bbcustom_width\u00bb custom_width=\u00bb34&#8243; thin_single_color=\u00bb#fda600&#8243; thickness=\u00bb4&#8243; margin_top=\u00bb0&#8243; margin_bottom=\u00bb60&#8243;][vc_row_inner][vc_column_inner width=\u00bb1\/3&#8243;][mk_fancy_title color=\u00bb#433d60&#8243; font_weight=\u00bbbold\u00bb txt_transform=\u00bbuppercase\u00bb letter_spacing=\u00bb1&#8243; margin_bottom=\u00bb0&#8243; font_family=\u00bbnone\u00bb][mk_font_icons icon=\u00bbmk-moon-checkmark\u00bb color=\u00bb#fda600&#8243; size=\u00bbsmall\u00bb padding_horizental=\u00bb0&#8243; padding_vertical=\u00bb0&#8243; circle=\u00bbfalse\u00bb circle_color=\u00bb\u00bb align=\u00bbnone\u00bb link=\u00bb\u00bb]\u00a0Facilidad de colocaci\u00f3n[\/mk_fancy_title][mk_padding_divider size=\u00bb30&#8243;][mk_fancy_title color=\u00bb#433d60&#8243; font_weight=\u00bbbold\u00bb letter_spacing=\u00bb1&#8243; margin_bottom=\u00bb0&#8243; font_family=\u00bbnone\u00bb][mk_font_icons icon=\u00bbmk-moon-checkmark\u00bb color=\u00bb#fda600&#8243; size=\u00bbsmall\u00bb padding_horizental=\u00bb0&#8243; padding_vertical=\u00bb0&#8243; circle=\u00bbfalse\u00bb circle_color=\u00bb\u00bb align=\u00bbnone\u00bb link=\u00bb\u00bb] MEZCLA\u00a0 HOMOG\u00c9NEA[\/mk_fancy_title][\/vc_column_inner][vc_column_inner width=\u00bb1\/3&#8243;][mk_fancy_title color=\u00bb#433d60&#8243; font_weight=\u00bbbold\u00bb txt_transform=\u00bbuppercase\u00bb letter_spacing=\u00bb1&#8243; margin_bottom=\u00bb0&#8243; font_family=\u00bbnone\u00bb][mk_font_icons icon=\u00bbmk-moon-checkmark\u00bb color=\u00bb#fda600&#8243; size=\u00bbsmall\u00bb padding_horizental=\u00bb0&#8243; padding_vertical=\u00bb0&#8243; circle=\u00bbfalse\u00bb circle_color=\u00bb\u00bb align=\u00bbnone\u00bb link=\u00bb\u00bb] Excelente Cohesividad[\/mk_fancy_title][mk_padding_divider size=\u00bb30&#8243;][mk_fancy_title color=\u00bb#433d60&#8243; font_weight=\u00bbbold\u00bb txt_transform=\u00bbuppercase\u00bb letter_spacing=\u00bb1&#8243; margin_bottom=\u00bb0&#8243; font_family=\u00bbnone\u00bb][mk_font_icons icon=\u00bbmk-moon-checkmark\u00bb color=\u00bb#fda600&#8243; size=\u00bbsmall\u00bb padding_horizental=\u00bb0&#8243; padding_vertical=\u00bb0&#8243; circle=\u00bbfalse\u00bb circle_color=\u00bb\u00bb align=\u00bbnone\u00bb link=\u00bb\u00bb]\u00a0Mayor Durabilidad[\/mk_fancy_title][\/vc_column_inner][vc_column_inner width=\u00bb1\/3&#8243;][mk_image src=\u00bbhttp:\/\/www.grupoconcresa.com\/V2\/wp-content\/uploads\/2019\/08\/mixer-concreto.jpg\u00bb image_size=\u00bbfull\u00bb link=\u00bb#\u00bb align=\u00bbcenter\u00bb][\/vc_column_inner][\/vc_row_inner][mk_padding_divider size=\u00bb54&#8243;][\/vc_column][\/vc_row][vc_row][vc_column][mk_padding_divider size=\u00bb60&#8243;][\/vc_column][\/vc_row][vc_row fullwidth=\u00bbtrue\u00bb fullwidth_content=\u00bbfalse\u00bb css=\u00bb.vc_custom_1564852530858{background-color: #f9ce22 !important;}\u00bb][vc_column width=\u00bb5\/6&#8243;][mk_fancy_title color=\u00bb#006998&#8243; size=\u00bb23&#8243; font_weight=\u00bb400&#8243; margin_top=\u00bb35&#8243; font_family=\u00bbOpen+Sans\u00bb font_type=\u00bbgoogle\u00bb]<strong>Tienes dudas?<\/strong>\u00a0 Cont\u00e1ctenos por mensaje para m\u00e1s detalles.[\/mk_fancy_title][\/vc_column][vc_column width=\u00bb1\/6&#8243;][mk_padding_divider size=\u00bb25&#8243; visibility=\u00bbhidden-sm\u00bb][mk_button dimension=\u00bbflat\u00bb size=\u00bblarge\u00bb url=\u00bbhttp:\/\/www.grupoconcresa.com\/V2\/cotizaciones\/\u00bb align=\u00bbright\u00bb margin_bottom=\u00bb0&#8243; bg_color=\u00bb#006998&#8243; btn_hover_bg=\u00bb#ffffff\u00bb btn_hover_txt_color=\u00bb#006998&#8243;]Mensaje![\/mk_button][mk_padding_divider size=\u00bb30&#8243; visibility=\u00bbvisible-sm\u00bb][\/vc_column][\/vc_row]\n","protected":false},"excerpt":{"rendered":"<p>[vc_row animation=\u00bbbottom-to-top\u00bb css=\u00bb.vc_custom_1532619323602{padding-top: 140px !important;padding-bottom: 10px !important;padding-left: 5px !important;background-image: url(http:\/\/www.grupoconcresa.com\/V2\/wp-content\/uploads\/2018\/06\/cement-406822_1920.jpg?id=433) !important;background-position: center !important;background-repeat: no-repeat !important;background-size: cover !important;}\u00bb][vc_column][mk_title_box color=\u00bb#006998&#8243; highlight_color=\u00bb#ffffff\u00bb highlight_opacity=\u00bb1&#8243; size=\u00bb60&#8243; font_weight=\u00bb300&#8243; letter_spacing=\u00bb2&#8243; font_family=\u00bbnone\u00bb animation=\u00bbbottom-to-top\u00bb]NUESTROS CONCRETOS[\/mk_title_box][\/vc_column][\/vc_row][vc_row][vc_column][mk_padding_divider size=\u00bb55&#8243;][vc_column_text css=\u00bb.vc_custom_1564849400638{margin-bottom: 0px !important;}\u00bb]Nuestros concretos aportan al desarrollo de nuestra regi\u00f3n, estamos presentes en las obras m\u00e1s representativas, brindando confianza en el sector de la construcci\u00f3n de Santander y [&hellip;]<\/p>\n","protected":false},"author":1,"featured_media":0,"parent":0,"menu_order":0,"comment_status":"closed","ping_status":"closed","template":"","meta":[],"_links":{"self":[{"href":"https:\/\/www.grupoconcresa.com\/V2\/wp-json\/wp\/v2\/pages\/96"}],"collection":[{"href":"https:\/\/www.grupoconcresa.com\/V2\/wp-json\/wp\/v2\/pages"}],"about":[{"href":"https:\/\/www.grupoconcresa.com\/V2\/wp-json\/wp\/v2\/types\/page"}],"author":[{"embeddable":true,"href":"https:\/\/www.grupoconcresa.com\/V2\/wp-json\/wp\/v2\/users\/1"}],"replies":[{"embeddable":true,"href":"https:\/\/www.grupoconcresa.com\/V2\/wp-json\/wp\/v2\/comments?post=96"}],"version-history":[{"count":16,"href":"https:\/\/www.grupoconcresa.com\/V2\/wp-json\/wp\/v2\/pages\/96\/revisions"}],"predecessor-version":[{"id":752,"href":"https:\/\/www.grupoconcresa.com\/V2\/wp-json\/wp\/v2\/pages\/96\/revisions\/752"}],"wp:attachment":[{"href":"https:\/\/www.grupoconcresa.com\/V2\/wp-json\/wp\/v2\/media?parent=96"}],"curies":[{"name":"wp","href":"https:\/\/api.w.org\/{rel}","templated":true}]}}