{"id":79,"date":"2015-11-27T07:58:22","date_gmt":"2015-11-27T07:58:22","guid":{"rendered":"http:\/\/demos.artbees.net\/jupiter5\/transportation\/?page_id=79"},"modified":"2021-11-30T14:15:58","modified_gmt":"2021-11-30T14:15:58","slug":"about-us","status":"publish","type":"page","link":"https:\/\/www.grupoconcresa.com\/V2\/about-us\/","title":{"rendered":"About Us"},"content":{"rendered":"[vc_row animation=\u00bbbottom-to-top\u00bb css=\u00bb.vc_custom_1565012922743{padding-top: 140px !important;padding-bottom: 10px !important;padding-left: 5px !important;background-image: url(http:\/\/www.grupoconcresa.com\/V2\/wp-content\/uploads\/2019\/08\/banner-2-concresa-barrancabermeja-santander-2019.png?id=625) !important;background-position: center !important;background-repeat: no-repeat !important;background-size: cover !important;}\u00bb][vc_column][mk_title_box color=\u00bb#006998&#8243; highlight_color=\u00bb#ffffff\u00bb highlight_opacity=\u00bb1&#8243; size=\u00bb60&#8243; font_weight=\u00bb300&#8243; letter_spacing=\u00bb2&#8243; font_family=\u00bbnone\u00bb animation=\u00bbbottom-to-top\u00bb]<span style=\"vertical-align: inherit;\"><span style=\"vertical-align: inherit;\"><span style=\"vertical-align: inherit;\"><span style=\"vertical-align: inherit;\"><span style=\"vertical-align: inherit;\"><span style=\"vertical-align: inherit;\">SOBRE NOSOTROS<\/span><\/span><\/span><\/span><\/span><\/span>[\/mk_title_box][\/vc_column][\/vc_row][vc_row][vc_column][mk_padding_divider][mk_fancy_title color_style=\u00bbgradient_color\u00bb grandient_color_from=\u00bb#006998&#8243; grandient_color_to=\u00bb#006998&#8243; grandient_color_fallback=\u00bb#006998&#8243; size=\u00bb31&#8243; font_weight=\u00bb300&#8243; txt_transform=\u00bbuppercase\u00bb letter_spacing=\u00bb2&#8243; margin_bottom=\u00bb0&#8243; font_family=\u00bbnone\u00bb]\n<p dir=\"ltr\"><strong>MISI\u00d3N EMPRESARIAL<\/strong><\/p>\n[\/mk_fancy_title][vc_column_text css=\u00bb.vc_custom_1638281671955{margin-bottom: 0px !important;}\u00bb]En CONCRESA S.A. Buscamos siempre brindar a nuestros clientes soluciones integrales en la producci\u00f3n, distribuci\u00f3n y comercializaci\u00f3n de nuestros productos y servicios, cumpliendo con los principios de calidad y sostenibilidad de nuestra operaci\u00f3n y de nuestros colaboradores.[\/vc_column_text][mk_fancy_title color_style=\u00bbgradient_color\u00bb grandient_color_from=\u00bb#006998&#8243; grandient_color_to=\u00bb#006998&#8243; grandient_color_fallback=\u00bb#006998&#8243; size=\u00bb31&#8243; font_weight=\u00bb300&#8243; txt_transform=\u00bbuppercase\u00bb letter_spacing=\u00bb2&#8243; margin_bottom=\u00bb0&#8243; font_family=\u00bbnone\u00bb]\n<p dir=\"ltr\"><strong>VISI\u00d3N EMPRESARIAL<\/strong><\/p>\n[\/mk_fancy_title][vc_column_text css=\u00bb.vc_custom_1638281605211{margin-bottom: 0px !important;}\u00bb]CONCRESA S.A. ser\u00e1 reconocida en la Regi\u00f3n y a Nivel Nacional, como una de las principales productoras y comercializadora de concreto, contando con la m\u00e1s alta tecnolog\u00eda e innovaci\u00f3n operacional.[\/vc_column_text][mk_fancy_title color_style=\u00bbgradient_color\u00bb grandient_color_from=\u00bb#006998&#8243; grandient_color_to=\u00bb#006998&#8243; grandient_color_fallback=\u00bb#006998&#8243; size=\u00bb31&#8243; font_weight=\u00bb300&#8243; txt_transform=\u00bbuppercase\u00bb letter_spacing=\u00bb2&#8243; margin_bottom=\u00bb0&#8243; font_family=\u00bbnone\u00bb]<b><span style=\"vertical-align: inherit;\"><span style=\"vertical-align: inherit;\"><span style=\"vertical-align: inherit;\"><span style=\"vertical-align: inherit;\"><span style=\"vertical-align: inherit;\"><span style=\"vertical-align: inherit;\">POL\u00cdTICA DE CALIDAD\u00a0 GRUPO CONCRESA S.A<\/span><\/span><\/span><\/span><\/span><\/span><\/b>[\/mk_fancy_title][mk_divider style=\u00bbthin_solid\u00bb divider_width=\u00bbcustom_width\u00bb custom_width=\u00bb34&#8243; align=\u00bbleft\u00bb thin_single_color=\u00bb#fda600&#8243; thickness=\u00bb4&#8243; margin_top=\u00bb0&#8243;][vc_column_text css=\u00bb.vc_custom_1638281582622{margin-bottom: 0px !important;}\u00bb]<span style=\"font-weight: 400;\"><span style=\"vertical-align: inherit;\"><span style=\"vertical-align: inherit;\">Para <\/span><\/span><span style=\"vertical-align: inherit;\"><span style=\"vertical-align: inherit;\">CONCRESA S.A<\/span><\/span><span style=\"vertical-align: inherit;\"><span style=\"vertical-align: inherit;\">\u00a0en nuestra misi\u00f3n de humanizar el mundo ofreciendo resultados de excelente calidad, es compromiso hacia nuestros Trabajadores, Clientes y Accionistas:<\/span><\/span><\/span><\/p>\n<ul>\n<li style=\"font-weight: 400;\"><span style=\"font-weight: 400;\"><span style=\"vertical-align: inherit;\"><span style=\"vertical-align: inherit;\">Consolidar el desarrollo y crecimiento constante de una empresa socialmente responsable.<\/span><\/span><\/span><\/li>\n<li style=\"font-weight: 400;\"><span style=\"font-weight: 400;\"><span style=\"vertical-align: inherit;\"><span style=\"vertical-align: inherit;\">Cumplir con los requisitos legales, las reglamentaciones y las dem\u00e1s leyes aplicables a la operaci\u00f3n de la empresa.<\/span><\/span><\/span><\/li>\n<li style=\"font-weight: 400;\"><span style=\"font-weight: 400;\"><span style=\"vertical-align: inherit;\"><span style=\"vertical-align: inherit;\">Mejorar continuamente la eficacia en el desempe\u00f1o de nuestros procesos.<\/span><\/span><\/span><\/li>\n<li style=\"font-weight: 400;\"><span style=\"font-weight: 400;\"><span style=\"vertical-align: inherit;\"><span style=\"vertical-align: inherit;\">Contribuir al crecimiento y la estabilidad de nuestros trabajadores. <\/span><\/span><\/span><\/li>\n<li style=\"font-weight: 400;\"><span style=\"font-weight: 400;\"><span style=\"vertical-align: inherit;\"><span style=\"vertical-align: inherit;\">Mantener el reconocimiento en el Gremio de la Construcci\u00f3n e Infraestructura por la alta calidad de nuestros productos y servicios y por nuestro aporte positivo a la comunidad.<\/span><\/span><\/span><\/li>\n<li style=\"font-weight: 400;\"><span style=\"font-weight: 400;\"><span style=\"vertical-align: inherit;\"><span style=\"vertical-align: inherit;\">Garantizar una excelente calidad en los productos y servicios ofrecidos; <\/span><span style=\"vertical-align: inherit;\">oportunidad en la atenci\u00f3n de las necesidades de nuestros clientes y retroalimentaci\u00f3n y gesti\u00f3n a sus observaciones, inquietudes y sugerencias.<\/span><\/span><\/span><\/li>\n<\/ul>\n[\/vc_column_text][mk_blockquote font_family=\u00bbGeorgia, serif\u00bb font_type=\u00bbsafefont\u00bb]<em><span style=\"font-weight: 400;\">Humanizar el mundo mediante concretos de excelente calidad<\/span><\/em>[\/mk_blockquote][mk_fancy_title color_style=\u00bbgradient_color\u00bb grandient_color_from=\u00bb#006998&#8243; grandient_color_to=\u00bb#006998&#8243; grandient_color_fallback=\u00bb#006998&#8243; size=\u00bb31&#8243; font_weight=\u00bb300&#8243; txt_transform=\u00bbuppercase\u00bb letter_spacing=\u00bb2&#8243; margin_bottom=\u00bb0&#8243; font_family=\u00bbnone\u00bb]\n<p dir=\"ltr\"><strong>OBJETIVOS CORPORATIVOS<\/strong><\/p>\n[\/mk_fancy_title][vc_column_text css=\u00bb.vc_custom_1638281561800{margin-bottom: 0px !important;}\u00bb]\n<ul>\n<li dir=\"ltr\">\n<p dir=\"ltr\">Incorporar los valores corporativos de la Empresa.<\/p>\n<\/li>\n<li dir=\"ltr\">\n<p dir=\"ltr\">Contribuir al desarrollo de nuestros grupos de inter\u00e9s (Clientes, trabajadores, accionistas, proveedores, comunidad y medio ambiente).<\/p>\n<\/li>\n<li dir=\"ltr\">\n<p dir=\"ltr\">Mejorar continuamente el resultado en el desempe\u00f1o de nuestros procesos.<\/p>\n<\/li>\n<li dir=\"ltr\">\n<p dir=\"ltr\">Fortalecer continuamente el desempe\u00f1o y contribuir al crecimiento de nuestros trabajadores.<\/p>\n<\/li>\n<li dir=\"ltr\">\n<p dir=\"ltr\">Posicionar la identidad corporativa de CONCRESA S.A por su enfoque de negocio socialmente sostenible.<\/p>\n<\/li>\n<li dir=\"ltr\">\n<p dir=\"ltr\">Incrementar continuamente la satisfacci\u00f3n de nuestros clientes.<\/p>\n<\/li>\n<li dir=\"ltr\">\n<p dir=\"ltr\">Garantizar una excelente calidad en los productos y servicios ofrecidos; oportunidad en la atenci\u00f3n de las necesidades de nuestros clientes y retroalimentaci\u00f3n y gesti\u00f3n a sus observaciones, inquietudes y sugerencias.<\/p>\n<\/li>\n<\/ul>\n[\/vc_column_text][mk_padding_divider size=\u00bb30&#8243;][\/vc_column][vc_column][\/vc_column][\/vc_row][vc_row css=\u00bb.vc_custom_1528990605791{background-image: url(http:\/\/www.grupoconcresa.com\/V2\/wp-content\/uploads\/2015\/11\/why-we-offer-bg-4.jpg?id=256) !important;background-position: center !important;background-repeat: no-repeat !important;background-size: cover !important;}\u00bb][vc_column][mk_padding_divider size=\u00bb73&#8243;][mk_fancy_title color_style=\u00bbgradient_color\u00bb grandient_color_from=\u00bb#006998&#8243; grandient_color_to=\u00bb#006998&#8243; grandient_color_fallback=\u00bb#006998&#8243; size=\u00bb31&#8243; font_weight=\u00bb300&#8243; txt_transform=\u00bbuppercase\u00bb letter_spacing=\u00bb2&#8243; margin_bottom=\u00bb0&#8243; font_family=\u00bbnone\u00bb align=\u00bbcenter\u00bb]<span style=\"vertical-align: inherit;\"><span style=\"vertical-align: inherit;\"><span style=\"vertical-align: inherit;\"><span style=\"vertical-align: inherit;\">Porque Elegirnos<\/span><\/span><\/span><\/span>[\/mk_fancy_title][mk_divider style=\u00bbthin_solid\u00bb divider_width=\u00bbcustom_width\u00bb custom_width=\u00bb34&#8243; thin_single_color=\u00bb#fda600&#8243; thickness=\u00bb4&#8243; margin_top=\u00bb0&#8243; margin_bottom=\u00bb60&#8243;][vc_row_inner is_fullwidth_content=\u00bbfalse\u00bb][vc_column_inner width=\u00bb1\/3&#8243;][mk_fancy_title color=\u00bb#433d60&#8243; font_weight=\u00bbbold\u00bb txt_transform=\u00bbuppercase\u00bb letter_spacing=\u00bb1&#8243; margin_bottom=\u00bb0&#8243; font_family=\u00bbnone\u00bb]<span style=\"vertical-align: inherit;\"><span style=\"vertical-align: inherit;\">[mk_font_icons icon = \u00abmk-moon-checkmark\u00bb color = \u00ab# 006998\u00bb size = \u00absmall\u00bb padding_horizental = \u00ab0\u00bb padding_vertical = \u00ab0\u00bb circle = \u00abfalse\u00bb circle_color = \u00ab\u00bb align = \u00abnone\u00bb link = \u00ab\u00bb ] Respaldo<\/span><\/span>[\/mk_fancy_title][vc_column_text css=\u00bb.vc_custom_1528985582013{margin-bottom: 0px !important;}\u00bb]Brindamos acompa\u00f1amiento durante la obra para orientar y guiar a su personal, transformando los problemas en soluciones, con el prop\u00f3sito de elevar sus niveles de eficiencia.[\/vc_column_text][mk_padding_divider size=\u00bb30&#8243;][mk_fancy_title color=\u00bb#433d60&#8243; font_weight=\u00bbbold\u00bb txt_transform=\u00bbuppercase\u00bb letter_spacing=\u00bb1&#8243; margin_bottom=\u00bb0&#8243; font_family=\u00bbnone\u00bb]<span style=\"vertical-align: inherit;\"><span style=\"vertical-align: inherit;\">[mk_font_icons icon = \u00abmk-moon-checkmark\u00bb color = \u00ab# 006998\u00bb size = \u00absmall\u00bb padding_horizental = \u00ab0\u00bb padding_vertical = \u00ab0\u00bb circle = \u00abfalse\u00bb circle_color = \u00ab\u00bb align = \u00abnone\u00bb link = \u00ab\u00bb ] Infraestructura<\/span><\/span>[\/mk_fancy_title][vc_column_text css=\u00bb.vc_custom_1528985547006{margin-bottom: 0px !important;}\u00bb]<span style=\"vertical-align: inherit;\"><span style=\"vertical-align: inherit;\">Contamos con la infraestructura y la capacidad de ejecutar los proyectos m\u00e1s importantes y representativos de la regi\u00f3n.<\/span><\/span>[\/vc_column_text][mk_padding_divider size=\u00bb20&#8243; visibility=\u00bbvisible-sm\u00bb][\/vc_column_inner][vc_column_inner width=\u00bb1\/3&#8243;][mk_fancy_title color=\u00bb#433d60&#8243; font_weight=\u00bbbold\u00bb txt_transform=\u00bbuppercase\u00bb letter_spacing=\u00bb1&#8243; margin_bottom=\u00bb0&#8243; font_family=\u00bbnone\u00bb]<span style=\"vertical-align: inherit;\"><span style=\"vertical-align: inherit;\">[mk_font_icons icon = \u00abmk-moon-checkmark\u00bb color = \u00ab# 006998\u00bb size = \u00absmall\u00bb padding_horizental = \u00ab0\u00bb padding_vertical = \u00ab0\u00bb circle = \u00abfalse\u00bb circle_color = \u00ab\u00bb align = \u00abnone\u00bb link = \u00ab\u00bb ] Confianza<\/span><\/span>[\/mk_fancy_title][vc_column_text css=\u00bb.vc_custom_1528985618515{margin-bottom: 0px !important;}\u00bb]Contamos con el personal calificado para atender sus requerimientos, construyendo confianza y credibilidad y as\u00ed lograr un posicionamiento que nos compromete a mejorar continuamente[\/vc_column_text][mk_padding_divider size=\u00bb30&#8243;][mk_fancy_title color=\u00bb#433d60&#8243; font_weight=\u00bbbold\u00bb txt_transform=\u00bbuppercase\u00bb letter_spacing=\u00bb1&#8243; margin_bottom=\u00bb0&#8243; font_family=\u00bbnone\u00bb]<span style=\"vertical-align: inherit;\"><span style=\"vertical-align: inherit;\">[mk_font_icons icon = \u00abmk-moon-checkmark\u00bb color = \u00ab# 006998\u00bb size = \u00absmall\u00bb padding_horizental = \u00ab0\u00bb padding_vertical = \u00ab0\u00bb circle = \u00abfalse\u00bb circle_color = \u00ab\u00bb align = \u00abnone\u00bb link = \u00ab\u00bb ] Asesoria t\u00e9cnica&nbsp;<\/span><\/span>[\/mk_fancy_title][vc_column_text css=\u00bb.vc_custom_1528985510671{margin-bottom: 0px !important;}\u00bb]Contamos con un equipo humano altamente calificado, responsable y con la convicci\u00f3n de prestarle un excelente servicio[\/vc_column_text][\/vc_column_inner][vc_column_inner width=\u00bb1\/3&#8243;][mk_padding_divider size=\u00bb60&#8243;][mk_image src=\u00bbhttp:\/\/www.grupoconcresa.com\/V2\/wp-content\/uploads\/2018\/06\/cement-406822_1920.jpg\u00bb image_size=\u00bbfull\u00bb link=\u00bb#\u00bb align=\u00bbcenter\u00bb][\/vc_column_inner][\/vc_row_inner][mk_padding_divider size=\u00bb54&#8243;][\/vc_column][\/vc_row][vc_row][vc_column width=\u00bb1\/6&#8243;][mk_padding_divider size=\u00bb60&#8243;][\/vc_column][\/vc_row]\n","protected":false},"excerpt":{"rendered":"<p>[vc_row animation=\u00bbbottom-to-top\u00bb css=\u00bb.vc_custom_1565012922743{padding-top: 140px !important;padding-bottom: 10px !important;padding-left: 5px !important;background-image: url(http:\/\/www.grupoconcresa.com\/V2\/wp-content\/uploads\/2019\/08\/banner-2-concresa-barrancabermeja-santander-2019.png?id=625) !important;background-position: center !important;background-repeat: no-repeat !important;background-size: cover !important;}\u00bb][vc_column][mk_title_box color=\u00bb#006998&#8243; highlight_color=\u00bb#ffffff\u00bb highlight_opacity=\u00bb1&#8243; size=\u00bb60&#8243; font_weight=\u00bb300&#8243; letter_spacing=\u00bb2&#8243; font_family=\u00bbnone\u00bb animation=\u00bbbottom-to-top\u00bb]SOBRE NOSOTROS[\/mk_title_box][\/vc_column][\/vc_row][vc_row][vc_column][mk_padding_divider][mk_fancy_title color_style=\u00bbgradient_color\u00bb grandient_color_from=\u00bb#006998&#8243; grandient_color_to=\u00bb#006998&#8243; grandient_color_fallback=\u00bb#006998&#8243; size=\u00bb31&#8243; font_weight=\u00bb300&#8243; txt_transform=\u00bbuppercase\u00bb letter_spacing=\u00bb2&#8243; margin_bottom=\u00bb0&#8243; font_family=\u00bbnone\u00bb] MISI\u00d3N EMPRESARIAL [\/mk_fancy_title][vc_column_text css=\u00bb.vc_custom_1638281671955{margin-bottom: 0px !important;}\u00bb]En CONCRESA S.A. Buscamos siempre brindar a nuestros clientes soluciones integrales en la producci\u00f3n, [&hellip;]<\/p>\n","protected":false},"author":1,"featured_media":0,"parent":0,"menu_order":0,"comment_status":"closed","ping_status":"closed","template":"","meta":[],"_links":{"self":[{"href":"https:\/\/www.grupoconcresa.com\/V2\/wp-json\/wp\/v2\/pages\/79"}],"collection":[{"href":"https:\/\/www.grupoconcresa.com\/V2\/wp-json\/wp\/v2\/pages"}],"about":[{"href":"https:\/\/www.grupoconcresa.com\/V2\/wp-json\/wp\/v2\/types\/page"}],"author":[{"embeddable":true,"href":"https:\/\/www.grupoconcresa.com\/V2\/wp-json\/wp\/v2\/users\/1"}],"replies":[{"embeddable":true,"href":"https:\/\/www.grupoconcresa.com\/V2\/wp-json\/wp\/v2\/comments?post=79"}],"version-history":[{"count":30,"href":"https:\/\/www.grupoconcresa.com\/V2\/wp-json\/wp\/v2\/pages\/79\/revisions"}],"predecessor-version":[{"id":816,"href":"https:\/\/www.grupoconcresa.com\/V2\/wp-json\/wp\/v2\/pages\/79\/revisions\/816"}],"wp:attachment":[{"href":"https:\/\/www.grupoconcresa.com\/V2\/wp-json\/wp\/v2\/media?parent=79"}],"curies":[{"name":"wp","href":"https:\/\/api.w.org\/{rel}","templated":true}]}}