{"id":6,"date":"2015-11-25T12:15:46","date_gmt":"2015-11-25T12:15:46","guid":{"rendered":"http:\/\/demos.artbees.net\/jupiter5\/transportation\/?page_id=6"},"modified":"2021-11-04T19:47:34","modified_gmt":"2021-11-04T19:47:34","slug":"home","status":"publish","type":"page","link":"https:\/\/www.grupoconcresa.com\/V2\/","title":{"rendered":"Home"},"content":{"rendered":"[vc_row][vc_column css=\u00bb.vc_custom_1448457042673{padding-right: 0px !important;padding-left: 0px !important;}\u00bb][rev_slider_vc alias=\u00bbimage-hero7&#8243;][\/vc_column][\/vc_row][vc_row][vc_column][mk_padding_divider size=\u00bb25&#8243;][\/vc_column][\/vc_row][vc_row css=\u00bb.vc_custom_1448461225155{padding-right: 0px !important;padding-left: 0px !important;}\u00bb][vc_column width=\u00bb1\/3&#8243;][mk_custom_box padding_vertical=\u00bb23&#8243; padding_horizental=\u00bb23&#8243; margin_bottom=\u00bb0&#8243; bg_color=\u00bb#f6f5f6&#8243;][mk_fancy_title color_style=\u00bbgradient_color\u00bb grandient_color_from=\u00bb#006998&#8243; grandient_color_to=\u00bb#006998&#8243; grandient_color_fallback=\u00bb#006998&#8243; size=\u00bb32&#8243; font_weight=\u00bb300&#8243; letter_spacing=\u00bb1&#8243; margin_bottom=\u00bb0&#8243; font_family=\u00bbnone\u00bb align=\u00bbright\u00bb]PRODUCTOS Y SERVICIOS[\/mk_fancy_title][mk_divider style=\u00bbthin_solid\u00bb divider_width=\u00bbcustom_width\u00bb custom_width=\u00bb34&#8243; align=\u00bbright\u00bb thin_single_color=\u00bb#fda600&#8243; thickness=\u00bb4&#8243; margin_top=\u00bb0&#8243;][vc_column_text css=\u00bb.vc_custom_1551107713323{margin-bottom: 0px !important;}\u00bb]<span style=\"font-size: 13px; color: #939393;\">La experiencia y solidez adquirida en el tiempo que lleva nuestra empresa en Barrancabermeja operando y sumada a la aun mayor de los socios fundadores de GRUPO CONCRESA S.A.S en la zona, nos permite ofrecer el servicio adecuado, desde el punto de vista financiero y t\u00e9cnico en el desarrollo de las soluciones, entendiendo los altos est\u00e1ndares para este proyecto espec\u00edfico, que no distan de los que en la actualidad exige los dem\u00e1s proyectos de la regi\u00f3n los cuales satisfacemos a diario.<\/span>[\/vc_column_text][mk_button dimension=\u00bbflat\u00bb url=\u00bbhttp:\/\/www.grupoconcresa.com\/V2\/services\/\u00bb align=\u00bbright\u00bb margin_top=\u00bb10&#8243; margin_bottom=\u00bb0&#8243; bg_color=\u00bb#1e73be\u00bb btn_hover_bg=\u00bb#fda600&#8243; btn_hover_txt_color=\u00bb#ffffff\u00bb]Ver m\u00e1s[\/mk_button][\/mk_custom_box][\/vc_column][vc_column width=\u00bb1\/3&#8243;][mk_padding_divider size=\u00bb60&#8243; visibility=\u00bbvisible-sm\u00bb][mk_image src=\u00bbhttp:\/\/www.grupoconcresa.com\/V2\/wp-content\/uploads\/2018\/06\/1011.jpg\u00bb image_size=\u00bbfull\u00bb link=\u00bb#\u00bb align=\u00bbcenter\u00bb crop=\u00bbfalse\u00bb][mk_fancy_title color_style=\u00bbgradient_color\u00bb grandient_color_from=\u00bb#006998&#8243; grandient_color_to=\u00bb#006998&#8243; grandient_color_fallback=\u00bb#006998&#8243; size=\u00bb21&#8243; font_weight=\u00bbbold\u00bb margin_top=\u00bb13&#8243; margin_bottom=\u00bb0&#8243; font_family=\u00bbnone\u00bb]INFRAESTRUCTURA[\/mk_fancy_title][vc_column_text css=\u00bb.vc_custom_1551108226280{margin-bottom: 0px !important;}\u00bb]<span style=\"font-size: 13px; color: #939393;\">Contamos con la planta de mayor capacidad de la zona, con la cual podemos producir 70m3\/horta de concreto.<\/span>[\/vc_column_text][mk_button dimension=\u00bbflat\u00bb url=\u00bbhttp:\/\/www.grupoconcresa.com\/V2\/fleet\/\u00bb margin_bottom=\u00bb0&#8243; btn_hover_bg=\u00bb#1e73be\u00bb btn_hover_txt_color=\u00bb#ffffff\u00bb]Ver m\u00e1s[\/mk_button][\/vc_column][vc_column width=\u00bb1\/3&#8243;][mk_padding_divider size=\u00bb60&#8243; visibility=\u00bbvisible-sm\u00bb][mk_image src=\u00bbhttp:\/\/www.grupoconcresa.com\/V2\/wp-content\/uploads\/2018\/06\/110.jpg\u00bb image_size=\u00bbfull\u00bb link=\u00bb#\u00bb align=\u00bbcenter\u00bb crop=\u00bbfalse\u00bb][mk_fancy_title color_style=\u00bbgradient_color\u00bb grandient_color_from=\u00bb#006998&#8243; grandient_color_to=\u00bb#006998&#8243; grandient_color_fallback=\u00bb#006998&#8243; size=\u00bb21&#8243; font_weight=\u00bbbold\u00bb margin_top=\u00bb13&#8243; margin_bottom=\u00bb0&#8243; font_family=\u00bbnone\u00bb]CALIDAD[\/mk_fancy_title][vc_column_text css=\u00bb.vc_custom_1551108366021{margin-bottom: 0px !important;}\u00bb]<span style=\"font-size: 13px; color: #939393;\">Brindamos acompa\u00f1amiento durante la obra para orientar y guiar a su personal, transformando los problemas en soluciones.&nbsp; &nbsp; &nbsp; &nbsp; &nbsp;<\/span>[\/vc_column_text][mk_button dimension=\u00bbflat\u00bb url=\u00bbhttp:\/\/www.grupoconcresa.com\/V2\/about-us\/\u00bb margin_bottom=\u00bb0&#8243; btn_hover_bg=\u00bb#1e73be\u00bb btn_hover_txt_color=\u00bb#ffffff\u00bb]Ver m\u00e1s[\/mk_button][\/vc_column][\/vc_row][vc_row][vc_column][mk_padding_divider size=\u00bb60&#8243;][\/vc_column][\/vc_row][vc_row css=\u00bb.vc_custom_1564842694972{background-image: url(http:\/\/www.grupoconcresa.com\/V2\/wp-content\/uploads\/2019\/08\/banner.png?id=583) !important;background-position: center !important;background-repeat: no-repeat !important;background-size: cover !important;}\u00bb][vc_column][mk_padding_divider size=\u00bb73&#8243;][mk_fancy_title color_style=\u00bbgradient_color\u00bb grandient_color_from=\u00bb#ffffff\u00bb grandient_color_to=\u00bb#ffffff\u00bb grandient_color_fallback=\u00bb#ffffff\u00bb size=\u00bb31&#8243; font_weight=\u00bb300&#8243; letter_spacing=\u00bb2&#8243; margin_bottom=\u00bb0&#8243; font_family=\u00bbnone\u00bb align=\u00bbcenter\u00bb animation=\u00bbbottom-to-top\u00bb]RESPALDO Y CONFIANZA[\/mk_fancy_title][mk_divider style=\u00bbthin_solid\u00bb divider_width=\u00bbcustom_width\u00bb custom_width=\u00bb34&#8243; thin_single_color=\u00bb#fda600&#8243; thickness=\u00bb4&#8243; margin_top=\u00bb0&#8243; margin_bottom=\u00bb60&#8243;][vc_row_inner is_fullwidth_content=\u00bbfalse\u00bb][vc_column_inner width=\u00bb1\/3&#8243;][mk_image src=\u00bbhttp:\/\/www.grupoconcresa.com\/V2\/wp-content\/uploads\/2019\/08\/worker-1.png\u00bb image_size=\u00bbfull\u00bb align=\u00bbcenter\u00bb animation=\u00bbbottom-to-top\u00bb crop=\u00bbfalse\u00bb][mk_fancy_title color_style=\u00bbgradient_color\u00bb grandient_color_from=\u00bb#ffffff\u00bb grandient_color_to=\u00bb#ffffff\u00bb grandient_color_fallback=\u00bb#ffffff\u00bb size=\u00bb16&#8243; font_weight=\u00bbbold\u00bb letter_spacing=\u00bb1&#8243; margin_bottom=\u00bb0&#8243; font_family=\u00bbnone\u00bb align=\u00bbcenter\u00bb animation=\u00bbbottom-to-top\u00bb]\n<h3>ASESOR\u00cdA T\u00c9CNICA<\/h3>\n[\/mk_fancy_title][vc_column_text align=\u00bbcenter\u00bb animation=\u00bbbottom-to-top\u00bb css=\u00bb.vc_custom_1564843772147{margin-bottom: 0px !important;}\u00bb]\n<h5><span style=\"color: #ffffff; font-size: 13px;\">Personal altamente calificado dispuesto a&nbsp; prestarle un excelente servicio .<\/span><\/h5>\n[\/vc_column_text][mk_padding_divider size=\u00bb60&#8243; visibility=\u00bbvisible-sm\u00bb][\/vc_column_inner][vc_column_inner width=\u00bb1\/3&#8243;][mk_image src=\u00bbhttp:\/\/www.grupoconcresa.com\/V2\/wp-content\/uploads\/2019\/08\/call-center.png\u00bb image_size=\u00bbfull\u00bb align=\u00bbcenter\u00bb animation=\u00bbbottom-to-top\u00bb crop=\u00bbfalse\u00bb][mk_fancy_title color_style=\u00bbgradient_color\u00bb grandient_color_from=\u00bb#ffffff\u00bb grandient_color_to=\u00bb#ffffff\u00bb grandient_color_fallback=\u00bb#ffffff\u00bb size=\u00bb16&#8243; font_weight=\u00bbbold\u00bb letter_spacing=\u00bb1&#8243; margin_bottom=\u00bb0&#8243; font_family=\u00bbnone\u00bb align=\u00bbcenter\u00bb animation=\u00bbbottom-to-top\u00bb]\n<h3>ASISTENCIA<\/h3>\n[\/mk_fancy_title][vc_column_text align=\u00bbcenter\u00bb animation=\u00bbbottom-to-top\u00bb css=\u00bb.vc_custom_1564843781715{margin-bottom: 0px !important;}\u00bb]\n<h5><span style=\"color: #ffffff; font-size: 13px;\">Personal altamente calificado para brindarle acompa\u00f1amiento.<\/span><\/h5>\n[\/vc_column_text][mk_padding_divider size=\u00bb60&#8243; visibility=\u00bbvisible-sm\u00bb][\/vc_column_inner][vc_column_inner width=\u00bb1\/3&#8243;][mk_image src=\u00bbhttp:\/\/www.grupoconcresa.com\/V2\/wp-content\/uploads\/2019\/08\/concrete-mixer-truck.png\u00bb image_size=\u00bbfull\u00bb align=\u00bbcenter\u00bb animation=\u00bbbottom-to-top\u00bb crop=\u00bbfalse\u00bb][mk_fancy_title color_style=\u00bbgradient_color\u00bb grandient_color_from=\u00bb#ffffff\u00bb grandient_color_to=\u00bb#ffffff\u00bb grandient_color_fallback=\u00bb#ffffff\u00bb size=\u00bb16&#8243; font_weight=\u00bbbold\u00bb letter_spacing=\u00bb1&#8243; margin_bottom=\u00bb0&#8243; font_family=\u00bbnone\u00bb align=\u00bbcenter\u00bb animation=\u00bbbottom-to-top\u00bb]\n<h3>INFRAESTRUCTURA<\/h3>\n[\/mk_fancy_title][vc_column_text align=\u00bbcenter\u00bb animation=\u00bbbottom-to-top\u00bb css=\u00bb.vc_custom_1564843788274{margin-bottom: 0px !important;}\u00bb]\n<h5><span style=\"color: #ffffff; font-size: 13px;\">Contamos con la infraestructura de ejecutar los proyectos m\u00e1s grandes de la zona.<\/span><\/h5>\n[\/vc_column_text][\/vc_column_inner][\/vc_row_inner][mk_padding_divider size=\u00bb54&#8243;][\/vc_column][\/vc_row][vc_row][vc_column][mk_padding_divider size=\u00bb60&#8243;][\/vc_column][\/vc_row][vc_row][vc_column][mk_fancy_title color_style=\u00bbgradient_color\u00bb grandient_color_from=\u00bb#006998&#8243; grandient_color_to=\u00bb#006998&#8243; grandient_color_fallback=\u00bb#006998&#8243; font_family=\u00bbnone\u00bb align=\u00bbcenter\u00bb]\n<h2 style=\"text-align: center;\">NUESTROS PROYECTOS<\/h2>\n[\/mk_fancy_title][mk_revslider id=\u00bbnews-video7&#8243;][mk_padding_divider size=\u00bb60&#8243;][\/vc_column][\/vc_row][vc_row][vc_column width=\u00bb2\/3&#8243;][mk_gallery images=\u00bb476,480,475,471,474&#8243; style=\u00bbstyle2&#8243; height=\u00bb400&#8243; overlay_color=\u00bb#433d60&#8243; item_spacing=\u00bb5&#8243;][\/vc_column][vc_column width=\u00bb1\/3&#8243;][mk_custom_box padding_vertical=\u00bb23&#8243; padding_horizental=\u00bb23&#8243; margin_bottom=\u00bb0&#8243; bg_color=\u00bb#f6f5f6&#8243;][mk_fancy_title color_style=\u00bbgradient_color\u00bb grandient_color_from=\u00bb#006998&#8243; grandient_color_to=\u00bb#006998&#8243; grandient_color_fallback=\u00bb#006998&#8243; size=\u00bb30&#8243; font_weight=\u00bb300&#8243; letter_spacing=\u00bb1&#8243; font_family=\u00bbnone\u00bb]ACOMPA\u00d1AMIENTO[\/mk_fancy_title][mk_divider style=\u00bbthin_solid\u00bb divider_width=\u00bbcustom_width\u00bb custom_width=\u00bb34&#8243; align=\u00bbleft\u00bb thin_single_color=\u00bb#fda600&#8243; thickness=\u00bb4&#8243; margin_top=\u00bb0&#8243;][vc_column_text css=\u00bb.vc_custom_1551107816313{margin-bottom: 0px !important;}\u00bb]<span style=\"font-size: 13px; color: #939393;\">De acuerdo a las especificaciones t\u00e9cnicas de la obra y la magnitud del proyecto,GRUPO CONCRESA cuenta con personal id\u00f3neo y capacitado, con experiencia especifica en el \u00e1rea de concretos que prestara asesor\u00eda t\u00e9cnica permanente a su proyecto&#8230;<\/span>[\/vc_column_text][mk_button dimension=\u00bbflat\u00bb url=\u00bbhttp:\/\/www.grupoconcresa.com\/V2\/about-us\/\u00bb margin_top=\u00bb10&#8243; margin_bottom=\u00bb0&#8243; bg_color=\u00bb#1e73be\u00bb btn_hover_bg=\u00bb#fda600&#8243; btn_hover_txt_color=\u00bb#ffffff\u00bb]Ver m\u00e1s[\/mk_button][\/mk_custom_box][\/vc_column][\/vc_row][vc_row][\/vc_row][vc_row][\/vc_row][vc_column][\/vc_column][mk_padding_divider size=\u00bb60&#8243;]\n","protected":false},"excerpt":{"rendered":"<p>[vc_row][vc_column css=\u00bb.vc_custom_1448457042673{padding-right: 0px !important;padding-left: 0px !important;}\u00bb][rev_slider_vc alias=\u00bbimage-hero7&#8243;][\/vc_column][\/vc_row][vc_row][vc_column][mk_padding_divider size=\u00bb25&#8243;][\/vc_column][\/vc_row][vc_row css=\u00bb.vc_custom_1448461225155{padding-right: 0px !important;padding-left: 0px !important;}\u00bb][vc_column width=\u00bb1\/3&#8243;][mk_custom_box padding_vertical=\u00bb23&#8243; padding_horizental=\u00bb23&#8243; margin_bottom=\u00bb0&#8243; bg_color=\u00bb#f6f5f6&#8243;][mk_fancy_title color_style=\u00bbgradient_color\u00bb grandient_color_from=\u00bb#006998&#8243; grandient_color_to=\u00bb#006998&#8243; grandient_color_fallback=\u00bb#006998&#8243; size=\u00bb32&#8243; font_weight=\u00bb300&#8243; letter_spacing=\u00bb1&#8243; margin_bottom=\u00bb0&#8243; font_family=\u00bbnone\u00bb align=\u00bbright\u00bb]PRODUCTOS Y SERVICIOS[\/mk_fancy_title][mk_divider style=\u00bbthin_solid\u00bb divider_width=\u00bbcustom_width\u00bb custom_width=\u00bb34&#8243; align=\u00bbright\u00bb thin_single_color=\u00bb#fda600&#8243; thickness=\u00bb4&#8243; margin_top=\u00bb0&#8243;][vc_column_text css=\u00bb.vc_custom_1551107713323{margin-bottom: 0px !important;}\u00bb]La experiencia y solidez adquirida en el tiempo que lleva nuestra empresa en Barrancabermeja operando y [&hellip;]<\/p>\n","protected":false},"author":1,"featured_media":0,"parent":0,"menu_order":0,"comment_status":"closed","ping_status":"closed","template":"","meta":[],"_links":{"self":[{"href":"https:\/\/www.grupoconcresa.com\/V2\/wp-json\/wp\/v2\/pages\/6"}],"collection":[{"href":"https:\/\/www.grupoconcresa.com\/V2\/wp-json\/wp\/v2\/pages"}],"about":[{"href":"https:\/\/www.grupoconcresa.com\/V2\/wp-json\/wp\/v2\/types\/page"}],"author":[{"embeddable":true,"href":"https:\/\/www.grupoconcresa.com\/V2\/wp-json\/wp\/v2\/users\/1"}],"replies":[{"embeddable":true,"href":"https:\/\/www.grupoconcresa.com\/V2\/wp-json\/wp\/v2\/comments?post=6"}],"version-history":[{"count":44,"href":"https:\/\/www.grupoconcresa.com\/V2\/wp-json\/wp\/v2\/pages\/6\/revisions"}],"predecessor-version":[{"id":794,"href":"https:\/\/www.grupoconcresa.com\/V2\/wp-json\/wp\/v2\/pages\/6\/revisions\/794"}],"wp:attachment":[{"href":"https:\/\/www.grupoconcresa.com\/V2\/wp-json\/wp\/v2\/media?parent=6"}],"curies":[{"name":"wp","href":"https:\/\/api.w.org\/{rel}","templated":true}]}}