{"id":118,"date":"2015-11-27T10:45:05","date_gmt":"2015-11-27T10:45:05","guid":{"rendered":"http:\/\/demos.artbees.net\/jupiter5\/transportation\/?page_id=118"},"modified":"2021-12-28T19:24:21","modified_gmt":"2021-12-28T19:24:21","slug":"fleet","status":"publish","type":"page","link":"https:\/\/www.grupoconcresa.com\/V2\/fleet\/","title":{"rendered":"Infraestructura"},"content":{"rendered":"[vc_row animation=\u00bbbottom-to-top\u00bb css=\u00bb.vc_custom_1565365444474{padding-top: 140px !important;padding-bottom: 10px !important;padding-left: 5px !important;background-image: url(http:\/\/www.grupoconcresa.com\/V2\/wp-content\/uploads\/2019\/08\/banner-productos-concresa.jpg?id=700) !important;background-position: center !important;background-repeat: no-repeat !important;background-size: cover !important;}\u00bb][vc_column][mk_title_box color=\u00bb#1e73be\u00bb highlight_color=\u00bb#ffffff\u00bb highlight_opacity=\u00bb1&#8243; size=\u00bb60&#8243; font_weight=\u00bb300&#8243; letter_spacing=\u00bb2&#8243; font_family=\u00bbnone\u00bb animation=\u00bbbottom-to-top\u00bb]Infraestructura[\/mk_title_box][\/vc_column][\/vc_row][mk_page_section][vc_column][mk_padding_divider size=\u00bb30&#8243;][vc_column_text css=\u00bb.vc_custom_1564854430648{margin-bottom: 0px !important;}\u00bb]Contamos con una Planta Dosificadora \u201c<strong>Altron AD60<\/strong>\u201d, Capaz de producir hasta 40m3 de concreto por hora equivalentes a 300m3\/d\u00eda y una producci\u00f3n mensual m\u00e1xima de 9.000m3. Igualmente cuenta con sus respectivos dep\u00f3sitos de materia prima, 3 silos para &nbsp;cemento de 40,70 y 120 toneladas respectivamente, capacidad de b\u00e1scula de agregado de 12 mil kg (cuenta con dos) igualmente cuenta con&nbsp; b\u00e1scula de cemento para 3 mil Kg.[\/vc_column_text][\/vc_column][\/mk_page_section][vc_row][vc_column width=\u00bb1\/2&#8243;][vc_single_image image=\u00bb617&#8243; img_size=\u00bbfull\u00bb][\/vc_column][vc_column width=\u00bb1\/2&#8243;][vc_accordions][vc_accordion_tab title=\u00bbEquipos de transporte\u00bb][mk_custom_list]\n<ul>\n<li>\n<div>Mixer Kenwood ,T460 capacidad de 8m3-modelo 2014-2015<\/div>\n<\/li>\n<li>\n<div>Mixer Hiunday, HD270, capacidad de 7m3-modelo 2004<\/div>\n<\/li>\n<li>\n<div>Mixer Mack , capacidad 8m3-modelo 2003<\/div>\n<\/li>\n<\/ul>\n[\/mk_custom_list][\/vc_accordion_tab][vc_accordion_tab title=\u00bbEquipos de colocaci\u00f3n\u00bb][mk_custom_list]\n<ul>\n<li>Bomba Estacionaria No 1: SCHWING SP 1000, capacidad de entrega de 54m3 de concreto\/hora y tama\u00f1o m\u00e1ximo de agregado 37mm.<\/li>\n<li>Autobomba PUTZMEISTER 32x, Modelo 2005 Capacidad de entrega de 80 m3 de concreto\/hora, tama\u00f1o m\u00e1ximo del agregado 63.5mm, alcance vertical 31.8 mts y alcance horizontal de 27.8mts.<\/li>\n<\/ul>\n[\/mk_custom_list][\/vc_accordion_tab][vc_accordion_tab title=\u00bbEquipo de cargue\u00bb][mk_custom_list]\n<ul>\n<li>Caterpillar CAT930h<\/li>\n<li>Caterpillar CAT920<\/li>\n<\/ul>\n[\/mk_custom_list][\/vc_accordion_tab][vc_accordion_tab title=\u00bbEquipo de control de calidad\u00bb][mk_custom_list]\n<ul>\n<li>Contamos con un amplio equipo de laboratorio de concreto a disposici\u00f3n del constructor, el servicio de prensa calibrada para rotura de cilindros, bajo la supervisi\u00f3n t\u00e9cnica del ingeniero de control de calidad y el personal de laboratorio.<\/li>\n<\/ul>\n[\/mk_custom_list][\/vc_accordion_tab][\/vc_accordions][\/vc_column][\/vc_row][vc_row][vc_column][mk_padding_divider size=\u00bb55&#8243;][mk_gallery images=\u00bb827,673,829,674,832,676,678,830,679,825,684,828,686,826,687,831,690,824&#8243; column=\u00bb4&#8243; image_size=\u00bbfull\u00bb][mk_padding_divider size=\u00bb70&#8243;][\/vc_column][\/vc_row][vc_row fullwidth=\u00bbtrue\u00bb fullwidth_content=\u00bbfalse\u00bb css=\u00bb.vc_custom_1448620054051{background-color: #ffc453 !important;}\u00bb][vc_column width=\u00bb5\/6&#8243;][mk_fancy_title color=\u00bb#006998&#8243; size=\u00bb23&#8243; font_weight=\u00bb400&#8243; margin_top=\u00bb35&#8243; font_family=\u00bbOpen+Sans\u00bb font_type=\u00bbgoogle\u00bb]<strong>Quieres saber mas?<\/strong>&nbsp;Escr\u00edbenos y conoce mas de nosotros&#8230;[\/mk_fancy_title][\/vc_column][vc_column width=\u00bb1\/6&#8243;][mk_padding_divider size=\u00bb25&#8243; visibility=\u00bbhidden-sm\u00bb][mk_button dimension=\u00bbflat\u00bb size=\u00bblarge\u00bb url=\u00bbhttp:\/\/www.grupoconcresa.com\/V2\/cotizaciones\/\u00bb align=\u00bbright\u00bb margin_bottom=\u00bb0&#8243; bg_color=\u00bb#006998&#8243; btn_hover_bg=\u00bb#ffffff\u00bb btn_hover_txt_color=\u00bb#006998&#8243;]CLICK![\/mk_button][mk_padding_divider size=\u00bb30&#8243; visibility=\u00bbvisible-sm\u00bb][\/vc_column][\/vc_row]\n","protected":false},"excerpt":{"rendered":"<p>[vc_row animation=\u00bbbottom-to-top\u00bb css=\u00bb.vc_custom_1565365444474{padding-top: 140px !important;padding-bottom: 10px !important;padding-left: 5px !important;background-image: url(http:\/\/www.grupoconcresa.com\/V2\/wp-content\/uploads\/2019\/08\/banner-productos-concresa.jpg?id=700) !important;background-position: center !important;background-repeat: no-repeat !important;background-size: cover !important;}\u00bb][vc_column][mk_title_box color=\u00bb#1e73be\u00bb highlight_color=\u00bb#ffffff\u00bb highlight_opacity=\u00bb1&#8243; size=\u00bb60&#8243; font_weight=\u00bb300&#8243; letter_spacing=\u00bb2&#8243; font_family=\u00bbnone\u00bb animation=\u00bbbottom-to-top\u00bb]Infraestructura[\/mk_title_box][\/vc_column][\/vc_row][mk_page_section][vc_column][mk_padding_divider size=\u00bb30&#8243;][vc_column_text css=\u00bb.vc_custom_1564854430648{margin-bottom: 0px !important;}\u00bb]Contamos con una Planta Dosificadora \u201cAltron AD60\u201d, Capaz de producir hasta 40m3 de concreto por hora equivalentes a 300m3\/d\u00eda y una producci\u00f3n mensual m\u00e1xima de 9.000m3. Igualmente [&hellip;]<\/p>\n","protected":false},"author":1,"featured_media":0,"parent":0,"menu_order":0,"comment_status":"closed","ping_status":"closed","template":"","meta":[],"_links":{"self":[{"href":"https:\/\/www.grupoconcresa.com\/V2\/wp-json\/wp\/v2\/pages\/118"}],"collection":[{"href":"https:\/\/www.grupoconcresa.com\/V2\/wp-json\/wp\/v2\/pages"}],"about":[{"href":"https:\/\/www.grupoconcresa.com\/V2\/wp-json\/wp\/v2\/types\/page"}],"author":[{"embeddable":true,"href":"https:\/\/www.grupoconcresa.com\/V2\/wp-json\/wp\/v2\/users\/1"}],"replies":[{"embeddable":true,"href":"https:\/\/www.grupoconcresa.com\/V2\/wp-json\/wp\/v2\/comments?post=118"}],"version-history":[{"count":20,"href":"https:\/\/www.grupoconcresa.com\/V2\/wp-json\/wp\/v2\/pages\/118\/revisions"}],"predecessor-version":[{"id":833,"href":"https:\/\/www.grupoconcresa.com\/V2\/wp-json\/wp\/v2\/pages\/118\/revisions\/833"}],"wp:attachment":[{"href":"https:\/\/www.grupoconcresa.com\/V2\/wp-json\/wp\/v2\/media?parent=118"}],"curies":[{"name":"wp","href":"https:\/\/api.w.org\/{rel}","templated":true}]}}